{"id":1612,"date":"2014-04-30T21:35:23","date_gmt":"2014-04-30T18:35:23","guid":{"rendered":"http:\/\/kalvolankeihas.com\/v2\/"},"modified":"2018-07-03T13:51:12","modified_gmt":"2018-07-03T10:51:12","slug":"iittala-lasimakisprint-2014","status":"publish","type":"page","link":"http:\/\/kalvolankeihas.com\/v2\/suunnistus\/tapahtumat\/iittala-lasimakisprint\/iittala-lasimakisprint-2014\/","title":{"rendered":"Iittala Lasim\u00e4kisprint 2014"},"content":{"rendered":"<p><a href=\"http:\/\/kalvolankeihas.com\/v2\/wp-content\/uploads\/2014\/04\/lasimakisprint2013_palkinnot.jpg\"><img loading=\"lazy\" decoding=\"async\" class=\"alignright size-medium wp-image-1620\" src=\"http:\/\/kalvolankeihas.com\/v2\/wp-content\/uploads\/2014\/04\/lasimakisprint2013_palkinnot-300x199.jpg\" alt=\"\" width=\"300\" height=\"199\" srcset=\"http:\/\/kalvolankeihas.com\/v2\/wp-content\/uploads\/2014\/04\/lasimakisprint2013_palkinnot-300x199.jpg 300w, http:\/\/kalvolankeihas.com\/v2\/wp-content\/uploads\/2014\/04\/lasimakisprint2013_palkinnot.jpg 800w\" sizes=\"auto, (max-width: 300px) 100vw, 300px\" \/><\/a><\/p>\n<p><strong><strong>19.07. klo 16:00<\/strong><em> \u2013 Viides Lasim\u00e4kisprint kilpailtiin t\u00e4n\u00e4\u00e4n mit\u00e4 hienoimmassa s\u00e4\u00e4ss\u00e4 ja kilpailut onnistuivat kaikin tavoin erinomaisesti! Kiitos tonttien omistajille, Lasim\u00e4en yrityksille, yhteisty\u00f6tahoille, toimitsijoille, kilpailijoille ja yleis\u00f6lle upeasta kisasta! Ensi vuonna n\u00e4hd\u00e4\u00e4n taas ja tervetuloa silloinkin mukaan hienoon tapahtumaan Lasim\u00e4elle!<\/em><\/strong><\/p>\n<p><strong>Iittala Lasim\u00e4kisprint<\/strong> j\u00e4rjestet\u00e4\u00e4n lauantaina 19.7. jo viidennen kerran. T\u00e4n\u00e4 vuonna kartasta vastaa tarkkuussuunnistuksen maailmanmestari <a href=\"http:\/\/laurikontkanen.fi\/\" target=\"_blank\">Lauri Kontkanen<\/a>. Lapset ja Nuoret ovat aina olleet Lasim\u00e4ell\u00e4 erikoishuomion kohteena, niin t\u00e4n\u00e4kin vuonna.<\/p>\n<p>Tapahtuma on <a title=\"H\u00e4me Cupia\" href=\"http:\/\/hameensuunnistus.nettisivu.org\/nuoriso\/\" target=\"_blank\">H\u00e4me Cupin<\/a> osakilpailu.<\/p>\n<p>Tervetuloa j\u00e4lleen kokemaan Iittalan tehtaan milj\u00f6\u00f6 putiikkeineen ja ravintoloineen!<\/p>\n<p><strong><a href=\"http:\/\/kalvolankeihas.com\/v2\/wp-content\/uploads\/2014\/06\/Lasim\u00e4kisprint2014Kutsu.pdf\">Kutsu<\/a><\/strong><br \/>\nHuom! Mik\u00e4li Lasim\u00e4kisprint ei n\u00e4y tunnuksillasi Irmassa (tai &#8221;Seura maksaa&#8221; -ruksia ei ole mahdollista laittaa), tulee seurasi Irma-p\u00e4\u00e4k\u00e4ytt\u00e4j\u00e4n valita se seurakalenteriinne.<\/p>\n<p><strong><a href=\"http:\/\/kalvolankeihas.com\/v2\/wp-content\/uploads\/2014\/07\/KILPAILUOHJEET-Lasim\u00e4kisprint-2014.pdf\">Kilpailuohje<\/a><\/strong><\/p>\n<p><strong><a href=\"http:\/\/kalvolankeihas.com\/v2\/wp-content\/uploads\/2014\/07\/l\u00e4ht\u00f6ajat-sarjoittain.html\">L\u00e4ht\u00f6ajat (sarjoittain)<\/a><\/strong><\/p>\n<p><strong><a href=\"http:\/\/kalvolankeihas.com\/v2\/wp-content\/uploads\/2014\/07\/l\u00e4ht\u00f6lista-seuroittain.html\">L\u00e4ht\u00f6ajat (seuroittain)<\/a><\/strong><\/p>\n<p><a href=\"http:\/\/kalvolankeihas.com\/v2\/wp-content\/uploads\/2014\/07\/lasim\u00e4ki2014-tulokset-sarjoittain.html\" target=\"_blank\"><strong>Tulokset<\/strong><\/a><\/p>\n<p><a href=\"http:\/\/kalvolankeihas.com\/v2\/wp-content\/uploads\/2014\/07\/lasim\u00e4ki2014-v\u00e4liajat.html\" target=\"_blank\"><strong>Rastiv\u00e4liajat<\/strong><\/a><\/p>\n<p><a href=\"https:\/\/www.flickr.com\/photos\/leppis\/sets\/72157645364301978\/\" target=\"_blank\"><strong>Kuvia<\/strong><\/a> (c) Laura Virtanen<\/p>\n<p><a href=\"http:\/\/kalvolankeihas.com\/v2\/wp-content\/uploads\/2014\/04\/Kultasuklaa.jpg\"><img loading=\"lazy\" decoding=\"async\" class=\"aligncenter size-full wp-image-1744\" title=\"Kultasuklaa\" src=\"http:\/\/kalvolankeihas.com\/v2\/wp-content\/uploads\/2014\/04\/Kultasuklaa.jpg\" alt=\"\" width=\"349\" height=\"148\" \/><\/a><\/p>\n<p><a href=\"http:\/\/kalvolankeihas.com\/v2\/wp-content\/uploads\/2014\/04\/iittala.jpg\"><img loading=\"lazy\" decoding=\"async\" class=\"aligncenter size-full wp-image-1745\" title=\"iittala\" src=\"http:\/\/kalvolankeihas.com\/v2\/wp-content\/uploads\/2014\/04\/iittala.jpg\" alt=\"\" width=\"476\" height=\"148\" \/><\/a><\/p>\n<p><a href=\"http:\/\/kalvolankeihas.com\/v2\/wp-content\/uploads\/2014\/04\/OP.jpg\"><img loading=\"lazy\" decoding=\"async\" class=\"aligncenter size-full wp-image-1743\" title=\"OP\" src=\"http:\/\/kalvolankeihas.com\/v2\/wp-content\/uploads\/2014\/04\/OP.jpg\" alt=\"\" width=\"565\" height=\"148\" srcset=\"http:\/\/kalvolankeihas.com\/v2\/wp-content\/uploads\/2014\/04\/OP.jpg 565w, http:\/\/kalvolankeihas.com\/v2\/wp-content\/uploads\/2014\/04\/OP-300x78.jpg 300w\" sizes=\"auto, (max-width: 565px) 100vw, 565px\" \/><\/a><\/p>\n","protected":false},"excerpt":{"rendered":"<p>19.07. klo 16:00 \u2013 Viides Lasim\u00e4kisprint kilpailtiin t\u00e4n\u00e4\u00e4n mit\u00e4 hienoimmassa s\u00e4\u00e4ss\u00e4 ja kilpailut onnistuivat kaikin tavoin erinomaisesti! Kiitos tonttien omistajille, Lasim\u00e4en yrityksille, yhteisty\u00f6tahoille, toimitsijoille, kilpailijoille ja yleis\u00f6lle upeasta kisasta! Ensi vuonna n\u00e4hd\u00e4\u00e4n taas ja tervetuloa silloinkin mukaan hienoon tapahtumaan Lasim\u00e4elle! Iittala Lasim\u00e4kisprint j\u00e4rjestet\u00e4\u00e4n lauantaina 19.7. jo viidennen kerran. T\u00e4n\u00e4 vuonna kartasta vastaa tarkkuussuunnistuksen maailmanmestari Lauri [&hellip;]<\/p>\n","protected":false},"author":3,"featured_media":0,"parent":3834,"menu_order":81,"comment_status":"closed","ping_status":"closed","template":"","meta":{"footnotes":""},"class_list":["post-1612","page","type-page","status-publish","hentry"],"_links":{"self":[{"href":"http:\/\/kalvolankeihas.com\/v2\/wp-json\/wp\/v2\/pages\/1612","targetHints":{"allow":["GET"]}}],"collection":[{"href":"http:\/\/kalvolankeihas.com\/v2\/wp-json\/wp\/v2\/pages"}],"about":[{"href":"http:\/\/kalvolankeihas.com\/v2\/wp-json\/wp\/v2\/types\/page"}],"author":[{"embeddable":true,"href":"http:\/\/kalvolankeihas.com\/v2\/wp-json\/wp\/v2\/users\/3"}],"replies":[{"embeddable":true,"href":"http:\/\/kalvolankeihas.com\/v2\/wp-json\/wp\/v2\/comments?post=1612"}],"version-history":[{"count":34,"href":"http:\/\/kalvolankeihas.com\/v2\/wp-json\/wp\/v2\/pages\/1612\/revisions"}],"predecessor-version":[{"id":3838,"href":"http:\/\/kalvolankeihas.com\/v2\/wp-json\/wp\/v2\/pages\/1612\/revisions\/3838"}],"up":[{"embeddable":true,"href":"http:\/\/kalvolankeihas.com\/v2\/wp-json\/wp\/v2\/pages\/3834"}],"wp:attachment":[{"href":"http:\/\/kalvolankeihas.com\/v2\/wp-json\/wp\/v2\/media?parent=1612"}],"curies":[{"name":"wp","href":"https:\/\/api.w.org\/{rel}","templated":true}]}}