{"id":172,"date":"2010-03-11T22:59:22","date_gmt":"2010-03-11T19:59:22","guid":{"rendered":"http:\/\/kalvolankeihas.com\/?page_id=35"},"modified":"2010-03-11T22:59:22","modified_gmt":"2010-03-11T19:59:22","slug":"kuvat-tervehdykset","status":"publish","type":"page","link":"http:\/\/kalvolankeihas.com\/v2\/seura\/historiaa\/100-vuotisjuhlat\/kuvat-tervehdykset\/","title":{"rendered":"Kuvat &#8211; tervehdykset"},"content":{"rendered":"<p>Kuvia seuran saamista tervehdyksist\u00e4, kahvittelusta ja muistoista seuran historian aikana.<\/p>\n<p><img decoding=\"async\" src=\"http:\/\/kalvolankeihas.com\/images\/100v\/tervehdykset-1.jpg\" alt=\"\"\/><\/p>\n<p><img decoding=\"async\" src=\"http:\/\/kalvolankeihas.com\/images\/100v\/tervehdykset-2.jpg\" alt=\"\"\/><\/p>\n<p><img decoding=\"async\" src=\"http:\/\/kalvolankeihas.com\/images\/100v\/tervehdykset-3.jpg\" alt=\"\"\/><\/p>\n<p><img decoding=\"async\" src=\"http:\/\/kalvolankeihas.com\/images\/100v\/tervehdykset-4.jpg\" alt=\"\"\/><\/p>\n<p><img decoding=\"async\" src=\"http:\/\/kalvolankeihas.com\/images\/100v\/tervehdykset-5.jpg\" alt=\"\"\/><\/p>\n<p><img decoding=\"async\" src=\"http:\/\/kalvolankeihas.com\/images\/100v\/tervehdykset-6.jpg\" alt=\"\"\/><\/p>\n<p><img decoding=\"async\" src=\"http:\/\/kalvolankeihas.com\/images\/100v\/tervehdykset-7.jpg\" alt=\"\"\/><\/p>\n<p><img decoding=\"async\" src=\"http:\/\/kalvolankeihas.com\/images\/100v\/tervehdykset-8.jpg\" alt=\"\"\/><\/p>\n<p><img decoding=\"async\" src=\"http:\/\/kalvolankeihas.com\/images\/100v\/tervehdykset-9.jpg\" alt=\"\"\/><\/p>\n<p><img decoding=\"async\" src=\"http:\/\/kalvolankeihas.com\/images\/100v\/tervehdykset-11.jpg\" alt=\"\"\/><\/p>\n<p><img decoding=\"async\" src=\"http:\/\/kalvolankeihas.com\/images\/100v\/tervehdykset-12.jpg\" alt=\"\"\/><\/p>\n<p><img decoding=\"async\" src=\"http:\/\/kalvolankeihas.com\/images\/100v\/tervehdykset-13.jpg\" alt=\"\"\/><\/p>\n<p><img decoding=\"async\" src=\"http:\/\/kalvolankeihas.com\/images\/100v\/tervehdykset-15.jpg\" alt=\"\"\/><\/p>\n<p><img decoding=\"async\" src=\"http:\/\/kalvolankeihas.com\/images\/100v\/tervehdykset-16.jpg\" alt=\"\"\/><\/p>\n<p><img decoding=\"async\" src=\"http:\/\/kalvolankeihas.com\/images\/100v\/tervehdykset-17.jpg\" alt=\"\"\/><\/p>\n<p><img decoding=\"async\" src=\"http:\/\/kalvolankeihas.com\/images\/100v\/tervehdykset-18.jpg\" alt=\"\"\/><\/p>\n<p><img decoding=\"async\" src=\"http:\/\/kalvolankeihas.com\/images\/100v\/tervehdykset-19.jpg\" alt=\"\"\/><\/p>\n<p><img decoding=\"async\" src=\"http:\/\/kalvolankeihas.com\/images\/100v\/tervehdykset-21.jpg\" alt=\"\"\/><\/p>\n<p><img decoding=\"async\" src=\"http:\/\/kalvolankeihas.com\/images\/100v\/tervehdykset-23.jpg\" alt=\"\"\/><\/p>\n<p><img decoding=\"async\" src=\"http:\/\/kalvolankeihas.com\/images\/100v\/tervehdykset-24.jpg\" alt=\"\"\/><\/p>\n<p><img decoding=\"async\" src=\"http:\/\/kalvolankeihas.com\/images\/100v\/tervehdykset-26.jpg\" alt=\"\"\/><\/p>\n<p><img decoding=\"async\" src=\"http:\/\/kalvolankeihas.com\/images\/100v\/tervehdykset-27.jpg\" alt=\"\"\/><\/p>\n<p><img decoding=\"async\" src=\"http:\/\/kalvolankeihas.com\/images\/100v\/tervehdykset-28.jpg\" alt=\"\"\/><\/p>\n<p><img decoding=\"async\" src=\"http:\/\/kalvolankeihas.com\/images\/100v\/tervehdykset-30.jpg\" alt=\"\"\/><\/p>\n<p><img decoding=\"async\" src=\"http:\/\/kalvolankeihas.com\/images\/100v\/tervehdykset-32.jpg\" alt=\"\"\/><\/p>\n<p><img decoding=\"async\" src=\"http:\/\/kalvolankeihas.com\/images\/100v\/tervehdykset-33.jpg\" alt=\"\"\/><\/p>\n<p><img decoding=\"async\" src=\"http:\/\/kalvolankeihas.com\/images\/100v\/tervehdykset-34.jpg\" alt=\"\"\/><\/p>\n<p><img decoding=\"async\" src=\"http:\/\/kalvolankeihas.com\/images\/100v\/tervehdykset-36.jpg\" alt=\"\"\/><\/p>\n<p><img decoding=\"async\" src=\"http:\/\/kalvolankeihas.com\/images\/100v\/tervehdykset-37.jpg\" alt=\"\"\/><\/p>\n<p><img decoding=\"async\" src=\"http:\/\/kalvolankeihas.com\/images\/100v\/tervehdykset-38.jpg\" alt=\"\"\/><\/p>\n<p><img decoding=\"async\" src=\"http:\/\/kalvolankeihas.com\/images\/100v\/tervehdykset-39.jpg\" alt=\"\"\/><\/p>\n<p><img decoding=\"async\" src=\"http:\/\/kalvolankeihas.com\/images\/100v\/tervehdykset-40.jpg\" alt=\"\"\/><\/p>\n<p><img decoding=\"async\" src=\"http:\/\/kalvolankeihas.com\/images\/100v\/tervehdykset-41.jpg\" alt=\"\"\/><\/p>\n<p><img decoding=\"async\" src=\"http:\/\/kalvolankeihas.com\/images\/100v\/tervehdykset-42.jpg\" alt=\"\"\/><\/p>\n<p><img decoding=\"async\" src=\"http:\/\/kalvolankeihas.com\/images\/100v\/tervehdykset-43.jpg\" alt=\"\"\/><\/p>\n<p><img decoding=\"async\" src=\"http:\/\/kalvolankeihas.com\/images\/100v\/tervehdykset-44.jpg\" alt=\"\"\/><\/p>\n<p><img decoding=\"async\" src=\"http:\/\/kalvolankeihas.com\/images\/100v\/tervehdykset-45.jpg\" alt=\"\"\/><\/p>\n<p><img decoding=\"async\" src=\"http:\/\/kalvolankeihas.com\/images\/100v\/tervehdykset-46.jpg\" alt=\"\"\/><\/p>\n<p><img decoding=\"async\" src=\"http:\/\/kalvolankeihas.com\/images\/100v\/tervehdykset-47.jpg\" alt=\"\"\/><\/p>\n<p><img decoding=\"async\" src=\"http:\/\/kalvolankeihas.com\/images\/100v\/tervehdykset-48.jpg\" alt=\"\"\/><\/p>\n<p><img decoding=\"async\" src=\"http:\/\/kalvolankeihas.com\/images\/100v\/tervehdykset-49.jpg\" alt=\"\"\/><\/p>\n<p><img decoding=\"async\" src=\"http:\/\/kalvolankeihas.com\/images\/100v\/tervehdykset-50.jpg\" alt=\"\"\/><\/p>\n<p><img decoding=\"async\" src=\"http:\/\/kalvolankeihas.com\/images\/100v\/tervehdykset-51.jpg\" alt=\"\"\/><\/p>\n<p><img decoding=\"async\" src=\"http:\/\/kalvolankeihas.com\/images\/100v\/tervehdykset-52.jpg\" alt=\"\"\/><\/p>\n<p><img decoding=\"async\" src=\"http:\/\/kalvolankeihas.com\/images\/100v\/tervehdykset-53.jpg\" alt=\"\"\/><\/p>\n<p><img decoding=\"async\" src=\"http:\/\/kalvolankeihas.com\/images\/100v\/tervehdykset-54.jpg\" alt=\"\"\/><\/p>\n<p><img decoding=\"async\" src=\"http:\/\/kalvolankeihas.com\/images\/100v\/tervehdykset-55.jpg\" alt=\"\"\/><\/p>\n<p><img decoding=\"async\" src=\"http:\/\/kalvolankeihas.com\/images\/100v\/tervehdykset-56.jpg\" alt=\"\"\/><\/p>\n<p><img decoding=\"async\" src=\"http:\/\/kalvolankeihas.com\/images\/100v\/tervehdykset-57.jpg\" alt=\"\"\/><\/p>\n<p><img decoding=\"async\" src=\"http:\/\/kalvolankeihas.com\/images\/100v\/tervehdykset-58.jpg\" alt=\"\"\/><\/p>\n<p><img decoding=\"async\" src=\"http:\/\/kalvolankeihas.com\/images\/100v\/tervehdykset-59.jpg\" alt=\"\"\/><\/p>\n<p><img decoding=\"async\" src=\"http:\/\/kalvolankeihas.com\/images\/100v\/tervehdykset-60.jpg\" alt=\"\"\/><\/p>\n<p><img decoding=\"async\" src=\"http:\/\/kalvolankeihas.com\/images\/100v\/tervehdykset-61.jpg\" alt=\"\"\/><\/p>\n<p><img decoding=\"async\" src=\"http:\/\/kalvolankeihas.com\/images\/100v\/tervehdykset-62.jpg\" alt=\"\"\/><\/p>\n<p><img decoding=\"async\" src=\"http:\/\/kalvolankeihas.com\/images\/100v\/tervehdykset-63.jpg\" alt=\"\"\/><\/p>\n<p><img decoding=\"async\" src=\"http:\/\/kalvolankeihas.com\/images\/100v\/tervehdykset-64.jpg\" alt=\"\"\/><\/p>\n<p><img decoding=\"async\" src=\"http:\/\/kalvolankeihas.com\/images\/100v\/tervehdykset-65.jpg\" alt=\"\"\/><\/p>\n<p><img decoding=\"async\" src=\"http:\/\/kalvolankeihas.com\/images\/100v\/tervehdykset-66.jpg\" alt=\"\"\/><\/p>\n<p><img decoding=\"async\" src=\"http:\/\/kalvolankeihas.com\/images\/100v\/tervehdykset-67.jpg\" alt=\"\"\/><\/p>\n<p><img decoding=\"async\" src=\"http:\/\/kalvolankeihas.com\/images\/100v\/tervehdykset-68.jpg\" alt=\"\"\/><\/p>\n<p><img decoding=\"async\" src=\"http:\/\/kalvolankeihas.com\/images\/100v\/tervehdykset-69.jpg\" alt=\"\"\/><\/p>\n<p><img decoding=\"async\" src=\"http:\/\/kalvolankeihas.com\/images\/100v\/juhla-97.jpg\" alt=\"\" \/><\/p>\n<p><img decoding=\"async\" src=\"http:\/\/kalvolankeihas.com\/images\/100v\/juhla-98.jpg\" alt=\"\" \/><\/p>\n<p><img decoding=\"async\" src=\"http:\/\/kalvolankeihas.com\/images\/100v\/juhla-99.jpg\" alt=\"\" \/><\/p>\n<p><!--\nTapahtuma:\tKalvolan Keih\u00e4\u00e4n 100-vuotisjuhlat 20.09.2009\nKuvaaja:\tJani M\u00e4ntyt\u00f6rm\u00e4\nKamera:\t\tSony Cybershot DSC-F707\n--><\/p>\n","protected":false},"excerpt":{"rendered":"<p>Kuvia seuran saamista tervehdyksist\u00e4, kahvittelusta ja muistoista seuran historian aikana.<\/p>\n","protected":false},"author":1,"featured_media":0,"parent":171,"menu_order":4,"comment_status":"closed","ping_status":"closed","template":"","meta":{"footnotes":""},"class_list":["post-172","page","type-page","status-publish","hentry"],"_links":{"self":[{"href":"http:\/\/kalvolankeihas.com\/v2\/wp-json\/wp\/v2\/pages\/172","targetHints":{"allow":["GET"]}}],"collection":[{"href":"http:\/\/kalvolankeihas.com\/v2\/wp-json\/wp\/v2\/pages"}],"about":[{"href":"http:\/\/kalvolankeihas.com\/v2\/wp-json\/wp\/v2\/types\/page"}],"author":[{"embeddable":true,"href":"http:\/\/kalvolankeihas.com\/v2\/wp-json\/wp\/v2\/users\/1"}],"replies":[{"embeddable":true,"href":"http:\/\/kalvolankeihas.com\/v2\/wp-json\/wp\/v2\/comments?post=172"}],"version-history":[{"count":0,"href":"http:\/\/kalvolankeihas.com\/v2\/wp-json\/wp\/v2\/pages\/172\/revisions"}],"up":[{"embeddable":true,"href":"http:\/\/kalvolankeihas.com\/v2\/wp-json\/wp\/v2\/pages\/171"}],"wp:attachment":[{"href":"http:\/\/kalvolankeihas.com\/v2\/wp-json\/wp\/v2\/media?parent=172"}],"curies":[{"name":"wp","href":"https:\/\/api.w.org\/{rel}","templated":true}]}}