{"id":186,"date":"2009-08-21T22:49:08","date_gmt":"2009-08-21T19:49:08","guid":{"rendered":"http:\/\/suunnistus.kalvolankeihas.com\/?page_id=6"},"modified":"2014-08-28T22:18:37","modified_gmt":"2014-08-28T19:18:37","slug":"kartat","status":"publish","type":"page","link":"http:\/\/kalvolankeihas.com\/v2\/suunnistus\/kartat\/","title":{"rendered":"Kartat"},"content":{"rendered":"<p>Kalvolan Keih\u00e4s on tuottanut vuosikymmenten saatossa lukuisia karttoja Kalvolan alueelta. T\u00e4ll\u00e4 hetkell\u00e4 ajantasaisia ovat seuraavat alueet:<\/p>\n<ul>\n<li><strong>Lumikuninkaan kivi, etel\u00e4 1:10000<\/strong><\/li>\n<li><strong>Saviniemi\/Keih\u00e4sj\u00e4rvi\u00a01:10000<\/strong><\/li>\n<li><strong>Pastinpirtti\u00a01:10000<\/strong><\/li>\n<li><strong>Lepaanranta\u00a01:10000<\/strong><\/li>\n<li>\n<address><span style=\"color: #000000;\"><strong>Lepaanranta\u00a01:2000 (pihakartta)<\/strong><\/span><\/address>\n<\/li>\n<li><strong>Iittala yhten\u00e4iskoulu\u00a01:4000 (sprinttisuunnistuskartta)<\/strong><\/li>\n<li><strong><span style=\"color: #000000;\">Iittala keskusta, 1:4000 (sprinttisuunnistuskartta)<\/span><\/strong><\/li>\n<li><strong>Iittala Turjala, 1:4000 (sprinttisuunnistuskartta)<\/strong><\/li>\n<li><strong>Allunkainen, it\u00e4 1:10000<\/strong><\/li>\n<li><strong><span style=\"color: #000000;\">Allunkainen, l\u00e4nsi 1:10000<\/span><\/strong><\/li>\n<\/ul>\n","protected":false},"excerpt":{"rendered":"<p>Kalvolan Keih\u00e4s on tuottanut vuosikymmenten saatossa lukuisia karttoja Kalvolan alueelta. T\u00e4ll\u00e4 hetkell\u00e4 ajantasaisia ovat seuraavat alueet: Lumikuninkaan kivi, etel\u00e4 1:10000 Saviniemi\/Keih\u00e4sj\u00e4rvi\u00a01:10000 Pastinpirtti\u00a01:10000 Lepaanranta\u00a01:10000 Lepaanranta\u00a01:2000 (pihakartta) Iittala yhten\u00e4iskoulu\u00a01:4000 (sprinttisuunnistuskartta) Iittala keskusta, 1:4000 (sprinttisuunnistuskartta) Iittala Turjala, 1:4000 (sprinttisuunnistuskartta) Allunkainen, it\u00e4 1:10000 Allunkainen, l\u00e4nsi 1:10000<\/p>\n","protected":false},"author":29,"featured_media":0,"parent":39,"menu_order":90,"comment_status":"closed","ping_status":"closed","template":"","meta":{"footnotes":""},"class_list":["post-186","page","type-page","status-publish","hentry"],"_links":{"self":[{"href":"http:\/\/kalvolankeihas.com\/v2\/wp-json\/wp\/v2\/pages\/186","targetHints":{"allow":["GET"]}}],"collection":[{"href":"http:\/\/kalvolankeihas.com\/v2\/wp-json\/wp\/v2\/pages"}],"about":[{"href":"http:\/\/kalvolankeihas.com\/v2\/wp-json\/wp\/v2\/types\/page"}],"author":[{"embeddable":true,"href":"http:\/\/kalvolankeihas.com\/v2\/wp-json\/wp\/v2\/users\/29"}],"replies":[{"embeddable":true,"href":"http:\/\/kalvolankeihas.com\/v2\/wp-json\/wp\/v2\/comments?post=186"}],"version-history":[{"count":20,"href":"http:\/\/kalvolankeihas.com\/v2\/wp-json\/wp\/v2\/pages\/186\/revisions"}],"predecessor-version":[{"id":4445,"href":"http:\/\/kalvolankeihas.com\/v2\/wp-json\/wp\/v2\/pages\/186\/revisions\/4445"}],"up":[{"embeddable":true,"href":"http:\/\/kalvolankeihas.com\/v2\/wp-json\/wp\/v2\/pages\/39"}],"wp:attachment":[{"href":"http:\/\/kalvolankeihas.com\/v2\/wp-json\/wp\/v2\/media?parent=186"}],"curies":[{"name":"wp","href":"https:\/\/api.w.org\/{rel}","templated":true}]}}