{"id":3732,"date":"2018-05-18T23:47:03","date_gmt":"2018-05-18T20:47:03","guid":{"rendered":"http:\/\/kalvolankeihas.com\/v2\/?page_id=3732"},"modified":"2018-05-28T22:57:38","modified_gmt":"2018-05-28T19:57:38","slug":"maastojuoksucup","status":"publish","type":"page","link":"http:\/\/kalvolankeihas.com\/v2\/suunnistus\/tapahtumat\/maastojuoksucup\/","title":{"rendered":"Maastojuoksucup"},"content":{"rendered":"<p>Avoimet aluemaastojuoksu kilpailut Iittalan valaistulla juostaan kev\u00e4\u00e4ll\u00e4 maanantaisin klo 18.00. Kilpailut juostaan 3:na osakilpail<span class=\"text_exposed_show\">una. Kaikki sarjat 3 vuotiaista mummoon ja vaariin. Juoksumatkat: alle 3v (2015-2018 s) 50 m, 4 \u2013 5 v (-13-14 s) 100 m, 6 \u2013 7 v (-11-12 s) 200 m, 8 \u2013 9 v (-09 \u2013 10 s) 500 m, 10 \u2013 11 v (07 \u2013 08 s) 1000 m, 12 \u2013 13 v (05 \u2013 06 s ) 1700 m, 2000 \u2013 04 s 2,3 km, 35 v + vanhemmat 2,3 km, 19 v \u2013 yleiset sarjat 4,6 km.<\/span><\/p>\n<p><a href=\"http:\/\/kalvolankeihas.com\/v2\/suunnistus\/tapahtumat\/maastojuoksucup\/tuloksetmaastojuoksucup\/\">Tulokset<\/a><\/p>\n<p><a href=\"http:\/\/kalvolankeihas.com\/v2\/suunnistus\/tapahtumat\/maastojuoksucup\/kuvat-maastojuoksucup\/\">Kuvat<\/a><\/p>\n<p>Kisainfoa Iskun ja Keih\u00e4\u00e4n facebook ja nettisivujen kautta.<\/p>\n<p><span class=\"text_exposed_show\">Tervetuloa kisaamaan. J\u00e4rjest\u00e4j\u00e4t Isku ja <a class=\"profileLink\" href=\"https:\/\/www.facebook.com\/pages\/Keih%C3%A4s\/911261448916490?fref=mentions\" data-hovercard=\"\/ajax\/hovercard\/page.php?id=911261448916490&amp;extragetparams=%7B%22fref%22%3A%22mentions%22%7D\" data-hovercard-prefer-more-content-show=\"1\">Keih\u00e4s<\/a>.<\/span><\/p>\n","protected":false},"excerpt":{"rendered":"<p>Avoimet aluemaastojuoksu kilpailut Iittalan valaistulla juostaan kev\u00e4\u00e4ll\u00e4 maanantaisin klo 18.00. Kilpailut juostaan 3:na osakilpailuna. Kaikki sarjat 3 vuotiaista mummoon ja vaariin. Juoksumatkat: alle 3v (2015-2018 s) 50 m, 4 \u2013 5 v (-13-14 s) 100 m, 6 \u2013 7 v (-11-12 s) 200 m, 8 \u2013 9 v (-09 \u2013 10 s) 500 m, 10 [&hellip;]<\/p>\n","protected":false},"author":1,"featured_media":0,"parent":228,"menu_order":0,"comment_status":"closed","ping_status":"closed","template":"","meta":{"footnotes":""},"class_list":["post-3732","page","type-page","status-publish","hentry"],"_links":{"self":[{"href":"http:\/\/kalvolankeihas.com\/v2\/wp-json\/wp\/v2\/pages\/3732","targetHints":{"allow":["GET"]}}],"collection":[{"href":"http:\/\/kalvolankeihas.com\/v2\/wp-json\/wp\/v2\/pages"}],"about":[{"href":"http:\/\/kalvolankeihas.com\/v2\/wp-json\/wp\/v2\/types\/page"}],"author":[{"embeddable":true,"href":"http:\/\/kalvolankeihas.com\/v2\/wp-json\/wp\/v2\/users\/1"}],"replies":[{"embeddable":true,"href":"http:\/\/kalvolankeihas.com\/v2\/wp-json\/wp\/v2\/comments?post=3732"}],"version-history":[{"count":6,"href":"http:\/\/kalvolankeihas.com\/v2\/wp-json\/wp\/v2\/pages\/3732\/revisions"}],"predecessor-version":[{"id":3776,"href":"http:\/\/kalvolankeihas.com\/v2\/wp-json\/wp\/v2\/pages\/3732\/revisions\/3776"}],"up":[{"embeddable":true,"href":"http:\/\/kalvolankeihas.com\/v2\/wp-json\/wp\/v2\/pages\/228"}],"wp:attachment":[{"href":"http:\/\/kalvolankeihas.com\/v2\/wp-json\/wp\/v2\/media?parent=3732"}],"curies":[{"name":"wp","href":"https:\/\/api.w.org\/{rel}","templated":true}]}}