{"id":4386,"date":"2020-09-29T22:13:23","date_gmt":"2020-09-29T19:13:23","guid":{"rendered":"http:\/\/kalvolankeihas.com\/v2\/?page_id=4386"},"modified":"2024-11-23T21:14:08","modified_gmt":"2024-11-23T19:14:08","slug":"seuran-jasenmaksu","status":"publish","type":"page","link":"http:\/\/kalvolankeihas.com\/v2\/seura\/seuran-jasenmaksu\/","title":{"rendered":"Seuran j\u00e4senmaksu"},"content":{"rendered":"<p>J\u00e4senilt\u00e4 peritt\u00e4v\u00e4n j\u00e4senmaksun suuruudesta p\u00e4\u00e4tt\u00e4\u00e4 yhdistyksen vuosikokous. J\u00e4senmaksut perit\u00e4\u00e4n vuosittain.<\/p>\n<p>Seuran j\u00e4senmaksun maksavat harrastajat, kilpailijat, pelaajat sek\u00e4 joukkueen toimihenkil\u00f6ist\u00e4 joukkueenjohtajat ja valmentajat. Suositellaan ett\u00e4 my\u00f6s huoltajat ja taloudenhoitajat ovat seuran j\u00e4seni\u00e4. Seuralla on k\u00e4yt\u00f6ss\u00e4 my\u00f6s 20 \u20ac:n kannatusj\u00e4senmaksu, jolla seuran toimintaa voi tukea.<\/p>\n<p>Jaostot periv\u00e4t seuran j\u00e4senmaksun lis\u00e4ksi kausimaksua, jolla katetaan tilavuokrat sek\u00e4 mm. kilpailu-, turnaus-, varuste- ja tuomarimaksut.<\/p>\n<p>Jaostojen kausimaksuja voidaan maksaa tyky-maksuv\u00e4lineill\u00e4 ilmoittamalla tiedot rahastonhoitajalle. J\u00e4senmaksuihin tyky-maksuv\u00e4lineit\u00e4 ei voi k\u00e4ytt\u00e4\u00e4 ja ne maksetaan erikseen. Tyky-maksuv\u00e4lineill\u00e4 maksamisesta lis\u00e4tietoja joukkueenjohtajilta.<\/p>\n<p>\u00a0<\/p>\n\n\n<p><\/p>\n","protected":false},"excerpt":{"rendered":"<p>J\u00e4senilt\u00e4 peritt\u00e4v\u00e4n j\u00e4senmaksun suuruudesta p\u00e4\u00e4tt\u00e4\u00e4 yhdistyksen vuosikokous. J\u00e4senmaksut perit\u00e4\u00e4n vuosittain. Seuran j\u00e4senmaksun maksavat harrastajat, kilpailijat, pelaajat sek\u00e4 joukkueen toimihenkil\u00f6ist\u00e4 joukkueenjohtajat ja valmentajat. Suositellaan ett\u00e4 my\u00f6s huoltajat ja taloudenhoitajat ovat seuran j\u00e4seni\u00e4. Seuralla on k\u00e4yt\u00f6ss\u00e4 my\u00f6s 20 \u20ac:n kannatusj\u00e4senmaksu, jolla seuran toimintaa voi tukea. Jaostot periv\u00e4t seuran j\u00e4senmaksun lis\u00e4ksi kausimaksua, jolla katetaan tilavuokrat sek\u00e4 mm. kilpailu-, [&hellip;]<\/p>\n","protected":false},"author":28,"featured_media":0,"parent":4951,"menu_order":0,"comment_status":"closed","ping_status":"closed","template":"","meta":{"footnotes":""},"class_list":["post-4386","page","type-page","status-publish","hentry"],"_links":{"self":[{"href":"http:\/\/kalvolankeihas.com\/v2\/wp-json\/wp\/v2\/pages\/4386","targetHints":{"allow":["GET"]}}],"collection":[{"href":"http:\/\/kalvolankeihas.com\/v2\/wp-json\/wp\/v2\/pages"}],"about":[{"href":"http:\/\/kalvolankeihas.com\/v2\/wp-json\/wp\/v2\/types\/page"}],"author":[{"embeddable":true,"href":"http:\/\/kalvolankeihas.com\/v2\/wp-json\/wp\/v2\/users\/28"}],"replies":[{"embeddable":true,"href":"http:\/\/kalvolankeihas.com\/v2\/wp-json\/wp\/v2\/comments?post=4386"}],"version-history":[{"count":15,"href":"http:\/\/kalvolankeihas.com\/v2\/wp-json\/wp\/v2\/pages\/4386\/revisions"}],"predecessor-version":[{"id":4731,"href":"http:\/\/kalvolankeihas.com\/v2\/wp-json\/wp\/v2\/pages\/4386\/revisions\/4731"}],"up":[{"embeddable":true,"href":"http:\/\/kalvolankeihas.com\/v2\/wp-json\/wp\/v2\/pages\/4951"}],"wp:attachment":[{"href":"http:\/\/kalvolankeihas.com\/v2\/wp-json\/wp\/v2\/media?parent=4386"}],"curies":[{"name":"wp","href":"https:\/\/api.w.org\/{rel}","templated":true}]}}