{"id":5008,"date":"2024-11-24T19:44:09","date_gmt":"2024-11-24T17:44:09","guid":{"rendered":"https:\/\/kalvolankeihas.com\/v2\/?page_id=5008"},"modified":"2024-11-24T19:44:26","modified_gmt":"2024-11-24T17:44:26","slug":"t8-p8","status":"publish","type":"page","link":"http:\/\/kalvolankeihas.com\/v2\/salibandy\/t8-p8\/","title":{"rendered":"T8 \/ P8"},"content":{"rendered":"\n<p>T8 \/ P8 treenaavat kerran viikossa torstaisin.<\/p>\n\n\n\n<p>Kysy joukkueeseen liittymisest\u00e4 s\u00e4hk\u00f6postilla salibandy@kalvolankeihas.com<\/p>\n\n\n\n<p><\/p>\n","protected":false},"excerpt":{"rendered":"<p>T8 \/ P8 treenaavat kerran viikossa torstaisin. Kysy joukkueeseen liittymisest\u00e4 s\u00e4hk\u00f6postilla salibandy@kalvolankeihas.com<\/p>\n","protected":false},"author":42,"featured_media":0,"parent":4,"menu_order":0,"comment_status":"closed","ping_status":"closed","template":"","meta":{"footnotes":""},"class_list":["post-5008","page","type-page","status-publish","hentry"],"_links":{"self":[{"href":"http:\/\/kalvolankeihas.com\/v2\/wp-json\/wp\/v2\/pages\/5008","targetHints":{"allow":["GET"]}}],"collection":[{"href":"http:\/\/kalvolankeihas.com\/v2\/wp-json\/wp\/v2\/pages"}],"about":[{"href":"http:\/\/kalvolankeihas.com\/v2\/wp-json\/wp\/v2\/types\/page"}],"author":[{"embeddable":true,"href":"http:\/\/kalvolankeihas.com\/v2\/wp-json\/wp\/v2\/users\/42"}],"replies":[{"embeddable":true,"href":"http:\/\/kalvolankeihas.com\/v2\/wp-json\/wp\/v2\/comments?post=5008"}],"version-history":[{"count":1,"href":"http:\/\/kalvolankeihas.com\/v2\/wp-json\/wp\/v2\/pages\/5008\/revisions"}],"predecessor-version":[{"id":5009,"href":"http:\/\/kalvolankeihas.com\/v2\/wp-json\/wp\/v2\/pages\/5008\/revisions\/5009"}],"up":[{"embeddable":true,"href":"http:\/\/kalvolankeihas.com\/v2\/wp-json\/wp\/v2\/pages\/4"}],"wp:attachment":[{"href":"http:\/\/kalvolankeihas.com\/v2\/wp-json\/wp\/v2\/media?parent=5008"}],"curies":[{"name":"wp","href":"https:\/\/api.w.org\/{rel}","templated":true}]}}